{"id":16715,"date":"2023-07-26T22:18:27","date_gmt":"2023-07-26T22:18:27","guid":{"rendered":"https:\/\/figcce.org\/?page_id=16715"},"modified":"2023-08-18T04:36:06","modified_gmt":"2023-08-18T04:36:06","slug":"sobre-nosotros","status":"publish","type":"page","link":"https:\/\/figcce.org\/?page_id=16715","title":{"rendered":"Sobre Nosotros"},"content":{"rendered":"\t\t<div data-elementor-type=\"wp-page\" data-elementor-id=\"16715\" class=\"elementor elementor-16715\">\n\t\t\t\t\t\t<section class=\"elementor-section elementor-top-section elementor-element elementor-element-9cad56e elementor-section-boxed elementor-section-height-default elementor-section-height-default\" data-id=\"9cad56e\" data-element_type=\"section\">\n\t\t\t\t\t\t<div class=\"elementor-container elementor-column-gap-default\">\n\t\t\t\t\t<div class=\"elementor-column elementor-col-100 elementor-top-column elementor-element elementor-element-bf42b1d\" data-id=\"bf42b1d\" data-element_type=\"column\">\n\t\t\t<div class=\"elementor-widget-wrap elementor-element-populated\">\n\t\t\t\t\t\t<div class=\"elementor-element elementor-element-b483ffc elementor-widget elementor-widget-image\" data-id=\"b483ffc\" data-element_type=\"widget\" data-widget_type=\"image.default\">\n\t\t\t\t<div class=\"elementor-widget-container\">\n\t\t\t<style>\/*! elementor - v3.19.0 - 29-01-2024 *\/\n.elementor-widget-image{text-align:center}.elementor-widget-image a{display:inline-block}.elementor-widget-image a img[src$=\".svg\"]{width:48px}.elementor-widget-image img{vertical-align:middle;display:inline-block}<\/style>\t\t\t\t\t\t\t\t\t\t<img decoding=\"async\" width=\"240\" height=\"81\" src=\"https:\/\/figcce.org\/wp-content\/uploads\/2023\/07\/cropped-cropped-Figcce-logo.png\" class=\"attachment-large size-large wp-image-9\" alt=\"\" \/>\t\t\t\t\t\t\t\t\t\t\t\t\t<\/div>\n\t\t\t\t<\/div>\n\t\t\t\t\t<\/div>\n\t\t<\/div>\n\t\t\t\t\t<\/div>\n\t\t<\/section>\n\t\t\t\t<section class=\"elementor-section elementor-top-section elementor-element elementor-element-a2e3933 elementor-section-boxed elementor-section-height-default elementor-section-height-default\" data-id=\"a2e3933\" data-element_type=\"section\">\n\t\t\t\t\t\t<div class=\"elementor-container elementor-column-gap-default\">\n\t\t\t\t\t<div class=\"elementor-column elementor-col-100 elementor-top-column elementor-element elementor-element-e57ea51\" data-id=\"e57ea51\" data-element_type=\"column\">\n\t\t\t<div class=\"elementor-widget-wrap elementor-element-populated\">\n\t\t\t\t\t\t<div class=\"elementor-element elementor-element-60dc4fd elementor-widget elementor-widget-text-editor\" data-id=\"60dc4fd\" data-element_type=\"widget\" data-widget_type=\"text-editor.default\">\n\t\t\t\t<div class=\"elementor-widget-container\">\n\t\t\t<style>\/*! elementor - v3.19.0 - 29-01-2024 *\/\n.elementor-widget-text-editor.elementor-drop-cap-view-stacked .elementor-drop-cap{background-color:#69727d;color:#fff}.elementor-widget-text-editor.elementor-drop-cap-view-framed .elementor-drop-cap{color:#69727d;border:3px solid;background-color:transparent}.elementor-widget-text-editor:not(.elementor-drop-cap-view-default) .elementor-drop-cap{margin-top:8px}.elementor-widget-text-editor:not(.elementor-drop-cap-view-default) .elementor-drop-cap-letter{width:1em;height:1em}.elementor-widget-text-editor .elementor-drop-cap{float:left;text-align:center;line-height:1;font-size:50px}.elementor-widget-text-editor .elementor-drop-cap-letter{display:inline-block}<\/style>\t\t\t\t<p>En el a\u00f1o 1988, en el coraz\u00f3n de la hist\u00f3rica Cuenca, los distinguidos Maestros Quite\u00f1os Terry Pazmi\u00f1o y Manuel Le\u00f3n dieron origen a la Fundaci\u00f3n Festival Internacional de la Guitarra Cl\u00e1sica Cuenca Ecuador (FIGCCE). Lo que comenz\u00f3 como la Asociaci\u00f3n Nacional de Guitarristas del Ecuador N\u00facleo del Azuay (ANGEA) se convirti\u00f3 en un epicentro cultural y musical de trascendencia.<\/p><p>El liderazgo visionario del Maestro Carlo Magno Garc\u00eda, en la presidencia, y del Dr. Pablo Carri\u00f3n Dur\u00e1n, como secretario, impuls\u00f3 ANGEA hacia su m\u00e1xima expresi\u00f3n. Durante un prolongado per\u00edodo, ANGEA orquest\u00f3 una serie de eventos excepcionales, incluyendo sobresalientes conciertos, clases magistrales enriquecedoras, seminarios profundos y talleres estimulantes. Estas efervescentes iniciativas no solo congregaron a maestros y m\u00fasicos de renombre a nivel nacional, sino que tambi\u00e9n atrajeron a luminarias internacionales, cimentando la posici\u00f3n de ANGEA como un faro cultural en Ecuador.<\/p><p>El cl\u00edmax de ANGEA se manifest\u00f3 en junio de 2004 con el reverberante Concierto Noche de Cuerdas. En esta velada memorable, virtuosos guitarristas como Terry Pazmi\u00f1o, Brent Webster, Eladio Scharr\u00f3n y Carlo Magno Garc\u00eda, junto al impresionante Grupo Coral Bostezo de Quito, marcaron un hito inolvidable. Este evento emblem\u00e1tico no solo consolid\u00f3 esta organizaci\u00f3n, sino tambi\u00e9n engendr\u00f3 la concepci\u00f3n de una entidad m\u00e1s abarcadora, destinada a nutrir y fortalecer la vibrante escena guitarr\u00edstica de Cuenca.<\/p><p>De esta semilla germin\u00f3 la Fundaci\u00f3n Festival Internacional de la Guitarra Cl\u00e1sica Cuenca Ecuador (FIGCCE), una entidad que abraza tanto la excelencia de la guitarra como la riqueza cultural de Cuenca. Ali\u00e1ndose con instituciones culturales y actores privados, la FIGCCE forj\u00f3 un espacio donde el arte y la m\u00fasica florecen sin obst\u00e1culos.<\/p><p>A trav\u00e9s del tiempo, la FIGCCE ha continuado su legado, elevando las cuerdas de la guitarra y la esencia cultural cuencana hacia horizontes a\u00fan m\u00e1s elevados. Sus eventos, conciertos y programas educativos han servido como faros de inspiraci\u00f3n y conocimiento musical, irradiando su influencia m\u00e1s all\u00e1 de las fronteras, colaborando con talentos internacionales y uniendo a individuos de diversos rincones del mundo.<\/p>\t\t\t\t\t\t<\/div>\n\t\t\t\t<\/div>\n\t\t\t\t\t<\/div>\n\t\t<\/div>\n\t\t\t\t\t<\/div>\n\t\t<\/section>\n\t\t\t\t<\/div>\n\t\t","protected":false},"excerpt":{"rendered":"<p>En el a\u00f1o 1988, en el coraz\u00f3n de la hist\u00f3rica Cuenca, los distinguidos Maestros Quite\u00f1os Terry Pazmi\u00f1o y Manuel Le\u00f3n dieron origen a la Fundaci\u00f3n Festival Internacional de la Guitarra&hellip;<\/p>\n","protected":false},"author":1,"featured_media":16764,"parent":0,"menu_order":0,"comment_status":"closed","ping_status":"closed","template":"","meta":{"footnotes":""},"_links":{"self":[{"href":"https:\/\/figcce.org\/index.php?rest_route=\/wp\/v2\/pages\/16715"}],"collection":[{"href":"https:\/\/figcce.org\/index.php?rest_route=\/wp\/v2\/pages"}],"about":[{"href":"https:\/\/figcce.org\/index.php?rest_route=\/wp\/v2\/types\/page"}],"author":[{"embeddable":true,"href":"https:\/\/figcce.org\/index.php?rest_route=\/wp\/v2\/users\/1"}],"replies":[{"embeddable":true,"href":"https:\/\/figcce.org\/index.php?rest_route=%2Fwp%2Fv2%2Fcomments&post=16715"}],"version-history":[{"count":11,"href":"https:\/\/figcce.org\/index.php?rest_route=\/wp\/v2\/pages\/16715\/revisions"}],"predecessor-version":[{"id":16940,"href":"https:\/\/figcce.org\/index.php?rest_route=\/wp\/v2\/pages\/16715\/revisions\/16940"}],"wp:featuredmedia":[{"embeddable":true,"href":"https:\/\/figcce.org\/index.php?rest_route=\/wp\/v2\/media\/16764"}],"wp:attachment":[{"href":"https:\/\/figcce.org\/index.php?rest_route=%2Fwp%2Fv2%2Fmedia&parent=16715"}],"curies":[{"name":"wp","href":"https:\/\/api.w.org\/{rel}","templated":true}]}}