{"id":16720,"date":"2023-07-26T22:18:27","date_gmt":"2023-07-26T22:18:27","guid":{"rendered":"https:\/\/figcce.org\/?page_id=16720"},"modified":"2023-08-09T20:43:31","modified_gmt":"2023-08-09T20:43:31","slug":"escuela","status":"publish","type":"page","link":"https:\/\/figcce.org\/?page_id=16720","title":{"rendered":"Escuela"},"content":{"rendered":"\t\t<div data-elementor-type=\"wp-page\" data-elementor-id=\"16720\" class=\"elementor elementor-16720\">\n\t\t\t\t\t\t<section class=\"elementor-section elementor-top-section elementor-element elementor-element-cf232ae elementor-section-boxed elementor-section-height-default elementor-section-height-default\" data-id=\"cf232ae\" data-element_type=\"section\">\n\t\t\t\t\t\t<div class=\"elementor-container elementor-column-gap-default\">\n\t\t\t\t\t<div class=\"elementor-column elementor-col-100 elementor-top-column elementor-element elementor-element-620f4cd\" data-id=\"620f4cd\" data-element_type=\"column\">\n\t\t\t<div class=\"elementor-widget-wrap elementor-element-populated\">\n\t\t\t\t\t\t<div class=\"elementor-element elementor-element-900b27f elementor-widget elementor-widget-heading\" data-id=\"900b27f\" data-element_type=\"widget\" data-widget_type=\"heading.default\">\n\t\t\t\t<div class=\"elementor-widget-container\">\n\t\t\t<style>\/*! elementor - v3.19.0 - 29-01-2024 *\/\n.elementor-heading-title{padding:0;margin:0;line-height:1}.elementor-widget-heading .elementor-heading-title[class*=elementor-size-]>a{color:inherit;font-size:inherit;line-height:inherit}.elementor-widget-heading .elementor-heading-title.elementor-size-small{font-size:15px}.elementor-widget-heading .elementor-heading-title.elementor-size-medium{font-size:19px}.elementor-widget-heading .elementor-heading-title.elementor-size-large{font-size:29px}.elementor-widget-heading .elementor-heading-title.elementor-size-xl{font-size:39px}.elementor-widget-heading .elementor-heading-title.elementor-size-xxl{font-size:59px}<\/style><h2 class=\"elementor-heading-title elementor-size-default\">\u00a1Explora el Arte y la Tradici\u00f3n Musical en Nuestra Escuela de Guitarra Cl\u00e1sica!<\/h2>\t\t<\/div>\n\t\t\t\t<\/div>\n\t\t\t\t\t<\/div>\n\t\t<\/div>\n\t\t\t\t\t<\/div>\n\t\t<\/section>\n\t\t\t\t<section class=\"elementor-section elementor-top-section elementor-element elementor-element-9b92ecc elementor-section-boxed elementor-section-height-default elementor-section-height-default\" data-id=\"9b92ecc\" data-element_type=\"section\">\n\t\t\t\t\t\t<div class=\"elementor-container elementor-column-gap-default\">\n\t\t\t\t\t<div class=\"elementor-column elementor-col-100 elementor-top-column elementor-element elementor-element-db7027a\" data-id=\"db7027a\" data-element_type=\"column\">\n\t\t\t<div class=\"elementor-widget-wrap elementor-element-populated\">\n\t\t\t\t\t\t<div class=\"elementor-element elementor-element-619a781 elementor-widget elementor-widget-text-editor\" data-id=\"619a781\" data-element_type=\"widget\" data-widget_type=\"text-editor.default\">\n\t\t\t\t<div class=\"elementor-widget-container\">\n\t\t\t<style>\/*! elementor - v3.19.0 - 29-01-2024 *\/\n.elementor-widget-text-editor.elementor-drop-cap-view-stacked .elementor-drop-cap{background-color:#69727d;color:#fff}.elementor-widget-text-editor.elementor-drop-cap-view-framed .elementor-drop-cap{color:#69727d;border:3px solid;background-color:transparent}.elementor-widget-text-editor:not(.elementor-drop-cap-view-default) .elementor-drop-cap{margin-top:8px}.elementor-widget-text-editor:not(.elementor-drop-cap-view-default) .elementor-drop-cap-letter{width:1em;height:1em}.elementor-widget-text-editor .elementor-drop-cap{float:left;text-align:center;line-height:1;font-size:50px}.elementor-widget-text-editor .elementor-drop-cap-letter{display:inline-block}<\/style>\t\t\t\t<p>En la <em>Escuela de Guitarra Carlo Magno<\/em>, te invitamos a un mundo de melod\u00edas cautivadoras y virtuosismo musical. Como una instituci\u00f3n dedicada a la preservaci\u00f3n y difusi\u00f3n de la m\u00fasica cl\u00e1sica a trav\u00e9s de la guitarra, estamos emocionados de presentarte un viaje educativo \u00fanico en su tipo.<\/p>\t\t\t\t\t\t<\/div>\n\t\t\t\t<\/div>\n\t\t\t\t\t<\/div>\n\t\t<\/div>\n\t\t\t\t\t<\/div>\n\t\t<\/section>\n\t\t\t\t<section class=\"elementor-section elementor-top-section elementor-element elementor-element-aa39483 elementor-section-boxed elementor-section-height-default elementor-section-height-default\" data-id=\"aa39483\" data-element_type=\"section\">\n\t\t\t\t\t\t<div class=\"elementor-container elementor-column-gap-default\">\n\t\t\t\t\t<div class=\"elementor-column elementor-col-100 elementor-top-column elementor-element elementor-element-de70ec2\" data-id=\"de70ec2\" data-element_type=\"column\">\n\t\t\t<div class=\"elementor-widget-wrap elementor-element-populated\">\n\t\t\t\t\t\t<div class=\"elementor-element elementor-element-4906375 elementor-widget elementor-widget-image\" data-id=\"4906375\" data-element_type=\"widget\" data-widget_type=\"image.default\">\n\t\t\t\t<div class=\"elementor-widget-container\">\n\t\t\t<style>\/*! elementor - v3.19.0 - 29-01-2024 *\/\n.elementor-widget-image{text-align:center}.elementor-widget-image a{display:inline-block}.elementor-widget-image a img[src$=\".svg\"]{width:48px}.elementor-widget-image img{vertical-align:middle;display:inline-block}<\/style>\t\t\t\t\t\t\t\t\t\t<img fetchpriority=\"high\" decoding=\"async\" width=\"900\" height=\"435\" src=\"https:\/\/figcce.org\/wp-content\/uploads\/2023\/08\/cropped-Figcce-01-1536x742-1-1024x495.jpeg\" class=\"attachment-large size-large wp-image-16889\" alt=\"\" srcset=\"https:\/\/figcce.org\/wp-content\/uploads\/2023\/08\/cropped-Figcce-01-1536x742-1-1024x495.jpeg 1024w, https:\/\/figcce.org\/wp-content\/uploads\/2023\/08\/cropped-Figcce-01-1536x742-1-300x145.jpeg 300w, https:\/\/figcce.org\/wp-content\/uploads\/2023\/08\/cropped-Figcce-01-1536x742-1-768x371.jpeg 768w, https:\/\/figcce.org\/wp-content\/uploads\/2023\/08\/cropped-Figcce-01-1536x742-1.jpeg 1536w\" sizes=\"(max-width: 900px) 100vw, 900px\" \/>\t\t\t\t\t\t\t\t\t\t\t\t\t<\/div>\n\t\t\t\t<\/div>\n\t\t\t\t\t<\/div>\n\t\t<\/div>\n\t\t\t\t\t<\/div>\n\t\t<\/section>\n\t\t\t\t<section class=\"elementor-section elementor-top-section elementor-element elementor-element-b5d0294 elementor-section-boxed elementor-section-height-default elementor-section-height-default\" data-id=\"b5d0294\" data-element_type=\"section\">\n\t\t\t\t\t\t<div class=\"elementor-container elementor-column-gap-default\">\n\t\t\t\t\t<div class=\"elementor-column elementor-col-100 elementor-top-column elementor-element elementor-element-b282e91\" data-id=\"b282e91\" data-element_type=\"column\">\n\t\t\t<div class=\"elementor-widget-wrap elementor-element-populated\">\n\t\t\t\t\t\t<div class=\"elementor-element elementor-element-1b4e2c3 elementor-widget elementor-widget-heading\" data-id=\"1b4e2c3\" data-element_type=\"widget\" data-widget_type=\"heading.default\">\n\t\t\t\t<div class=\"elementor-widget-container\">\n\t\t\t<h2 class=\"elementor-heading-title elementor-size-default\">Nuestra Misi\u00f3n: Cultivar la Excelencia Musical<\/h2>\t\t<\/div>\n\t\t\t\t<\/div>\n\t\t\t\t\t<\/div>\n\t\t<\/div>\n\t\t\t\t\t<\/div>\n\t\t<\/section>\n\t\t\t\t<section class=\"elementor-section elementor-top-section elementor-element elementor-element-481c05e elementor-section-boxed elementor-section-height-default elementor-section-height-default\" data-id=\"481c05e\" data-element_type=\"section\">\n\t\t\t\t\t\t<div class=\"elementor-container elementor-column-gap-default\">\n\t\t\t\t\t<div class=\"elementor-column elementor-col-100 elementor-top-column elementor-element elementor-element-a9f7c05\" data-id=\"a9f7c05\" data-element_type=\"column\">\n\t\t\t<div class=\"elementor-widget-wrap elementor-element-populated\">\n\t\t\t\t\t\t<div class=\"elementor-element elementor-element-386a69b elementor-widget elementor-widget-text-editor\" data-id=\"386a69b\" data-element_type=\"widget\" data-widget_type=\"text-editor.default\">\n\t\t\t\t<div class=\"elementor-widget-container\">\n\t\t\t\t\t\t\t<p>Nuestra misi\u00f3n es clara: nutrir la pasi\u00f3n por la m\u00fasica cl\u00e1sica y desarrollar m\u00fasicos consumados y apasionados por la guitarra. A trav\u00e9s de un enfoque pedag\u00f3gico s\u00f3lido y orientado a la tradici\u00f3n, brindamos programas acad\u00e9micos dise\u00f1ados para elevar tus habilidades t\u00e9cnicas y art\u00edsticas a nuevas alturas.<\/p>\t\t\t\t\t\t<\/div>\n\t\t\t\t<\/div>\n\t\t\t\t\t<\/div>\n\t\t<\/div>\n\t\t\t\t\t<\/div>\n\t\t<\/section>\n\t\t\t\t<section class=\"elementor-section elementor-top-section elementor-element elementor-element-ebd1100 elementor-section-boxed elementor-section-height-default elementor-section-height-default\" data-id=\"ebd1100\" data-element_type=\"section\">\n\t\t\t\t\t\t<div class=\"elementor-container elementor-column-gap-default\">\n\t\t\t\t\t<div class=\"elementor-column elementor-col-100 elementor-top-column elementor-element elementor-element-91b6fea\" data-id=\"91b6fea\" data-element_type=\"column\">\n\t\t\t<div class=\"elementor-widget-wrap elementor-element-populated\">\n\t\t\t\t\t\t<div class=\"elementor-element elementor-element-830fd5b elementor-widget elementor-widget-image\" data-id=\"830fd5b\" data-element_type=\"widget\" data-widget_type=\"image.default\">\n\t\t\t\t<div class=\"elementor-widget-container\">\n\t\t\t\t\t\t\t\t\t\t\t\t\t<img decoding=\"async\" width=\"900\" height=\"375\" src=\"https:\/\/figcce.org\/wp-content\/uploads\/2023\/08\/IMG_7655-1200x500-1-1024x427.jpeg\" class=\"attachment-large size-large wp-image-16898\" alt=\"\" srcset=\"https:\/\/figcce.org\/wp-content\/uploads\/2023\/08\/IMG_7655-1200x500-1-1024x427.jpeg 1024w, https:\/\/figcce.org\/wp-content\/uploads\/2023\/08\/IMG_7655-1200x500-1-300x125.jpeg 300w, https:\/\/figcce.org\/wp-content\/uploads\/2023\/08\/IMG_7655-1200x500-1-768x320.jpeg 768w, https:\/\/figcce.org\/wp-content\/uploads\/2023\/08\/IMG_7655-1200x500-1.jpeg 1200w\" sizes=\"(max-width: 900px) 100vw, 900px\" \/>\t\t\t\t\t\t\t\t\t\t\t\t\t<\/div>\n\t\t\t\t<\/div>\n\t\t\t\t\t<\/div>\n\t\t<\/div>\n\t\t\t\t\t<\/div>\n\t\t<\/section>\n\t\t\t\t<\/div>\n\t\t","protected":false},"excerpt":{"rendered":"<p>\u00a1Explora el Arte y la Tradici\u00f3n Musical en Nuestra Escuela de Guitarra Cl\u00e1sica! En la Escuela de Guitarra Carlo Magno, te invitamos a un mundo de melod\u00edas cautivadoras y virtuosismo&hellip;<\/p>\n","protected":false},"author":1,"featured_media":16765,"parent":0,"menu_order":0,"comment_status":"closed","ping_status":"closed","template":"","meta":{"footnotes":""},"_links":{"self":[{"href":"https:\/\/figcce.org\/index.php?rest_route=\/wp\/v2\/pages\/16720"}],"collection":[{"href":"https:\/\/figcce.org\/index.php?rest_route=\/wp\/v2\/pages"}],"about":[{"href":"https:\/\/figcce.org\/index.php?rest_route=\/wp\/v2\/types\/page"}],"author":[{"embeddable":true,"href":"https:\/\/figcce.org\/index.php?rest_route=\/wp\/v2\/users\/1"}],"replies":[{"embeddable":true,"href":"https:\/\/figcce.org\/index.php?rest_route=%2Fwp%2Fv2%2Fcomments&post=16720"}],"version-history":[{"count":10,"href":"https:\/\/figcce.org\/index.php?rest_route=\/wp\/v2\/pages\/16720\/revisions"}],"predecessor-version":[{"id":16901,"href":"https:\/\/figcce.org\/index.php?rest_route=\/wp\/v2\/pages\/16720\/revisions\/16901"}],"wp:featuredmedia":[{"embeddable":true,"href":"https:\/\/figcce.org\/index.php?rest_route=\/wp\/v2\/media\/16765"}],"wp:attachment":[{"href":"https:\/\/figcce.org\/index.php?rest_route=%2Fwp%2Fv2%2Fmedia&parent=16720"}],"curies":[{"name":"wp","href":"https:\/\/api.w.org\/{rel}","templated":true}]}}