{"id":16845,"date":"2023-08-04T21:26:45","date_gmt":"2023-08-04T21:26:45","guid":{"rendered":"https:\/\/figcce.org\/?page_id=16845"},"modified":"2023-08-18T04:38:10","modified_gmt":"2023-08-18T04:38:10","slug":"historia-y-antecedentes","status":"publish","type":"page","link":"https:\/\/figcce.org\/?page_id=16845","title":{"rendered":"Historia y Antecedentes"},"content":{"rendered":"\t\t<div data-elementor-type=\"wp-page\" data-elementor-id=\"16845\" class=\"elementor elementor-16845\">\n\t\t\t\t\t\t<section class=\"elementor-section elementor-top-section elementor-element elementor-element-a2d5b96 elementor-section-boxed elementor-section-height-default elementor-section-height-default\" data-id=\"a2d5b96\" data-element_type=\"section\">\n\t\t\t\t\t\t<div class=\"elementor-container elementor-column-gap-default\">\n\t\t\t\t\t<div class=\"elementor-column elementor-col-100 elementor-top-column elementor-element elementor-element-f8bd530\" data-id=\"f8bd530\" data-element_type=\"column\">\n\t\t\t<div class=\"elementor-widget-wrap elementor-element-populated\">\n\t\t\t\t\t\t<div class=\"elementor-element elementor-element-4a35cee elementor-widget elementor-widget-heading\" data-id=\"4a35cee\" data-element_type=\"widget\" data-widget_type=\"heading.default\">\n\t\t\t\t<div class=\"elementor-widget-container\">\n\t\t\t<style>\/*! elementor - v3.19.0 - 29-01-2024 *\/\n.elementor-heading-title{padding:0;margin:0;line-height:1}.elementor-widget-heading .elementor-heading-title[class*=elementor-size-]>a{color:inherit;font-size:inherit;line-height:inherit}.elementor-widget-heading .elementor-heading-title.elementor-size-small{font-size:15px}.elementor-widget-heading .elementor-heading-title.elementor-size-medium{font-size:19px}.elementor-widget-heading .elementor-heading-title.elementor-size-large{font-size:29px}.elementor-widget-heading .elementor-heading-title.elementor-size-xl{font-size:39px}.elementor-widget-heading .elementor-heading-title.elementor-size-xxl{font-size:59px}<\/style><h2 class=\"elementor-heading-title elementor-size-default\">Antecedentes <\/h2>\t\t<\/div>\n\t\t\t\t<\/div>\n\t\t\t\t\t<\/div>\n\t\t<\/div>\n\t\t\t\t\t<\/div>\n\t\t<\/section>\n\t\t\t\t<section class=\"elementor-section elementor-top-section elementor-element elementor-element-5af6a3f elementor-section-boxed elementor-section-height-default elementor-section-height-default\" data-id=\"5af6a3f\" data-element_type=\"section\">\n\t\t\t\t\t\t<div class=\"elementor-container elementor-column-gap-default\">\n\t\t\t\t\t<div class=\"elementor-column elementor-col-100 elementor-top-column elementor-element elementor-element-8fcc3d2\" data-id=\"8fcc3d2\" data-element_type=\"column\">\n\t\t\t<div class=\"elementor-widget-wrap elementor-element-populated\">\n\t\t\t\t\t\t<div class=\"elementor-element elementor-element-db242d3 elementor-widget elementor-widget-text-editor\" data-id=\"db242d3\" data-element_type=\"widget\" data-widget_type=\"text-editor.default\">\n\t\t\t\t<div class=\"elementor-widget-container\">\n\t\t\t<style>\/*! elementor - v3.19.0 - 29-01-2024 *\/\n.elementor-widget-text-editor.elementor-drop-cap-view-stacked .elementor-drop-cap{background-color:#69727d;color:#fff}.elementor-widget-text-editor.elementor-drop-cap-view-framed .elementor-drop-cap{color:#69727d;border:3px solid;background-color:transparent}.elementor-widget-text-editor:not(.elementor-drop-cap-view-default) .elementor-drop-cap{margin-top:8px}.elementor-widget-text-editor:not(.elementor-drop-cap-view-default) .elementor-drop-cap-letter{width:1em;height:1em}.elementor-widget-text-editor .elementor-drop-cap{float:left;text-align:center;line-height:1;font-size:50px}.elementor-widget-text-editor .elementor-drop-cap-letter{display:inline-block}<\/style>\t\t\t\t<p style=\"text-align: left;\">En el a\u00f1o de 1988 los Maestros Quite\u00f1os Terry Pazmi\u00f1o y Manuel Le\u00f3n organizan en Cuenca la<br \/>Asociaci\u00f3n Nacional de Guitarristas del Ecuador N\u00facleo del Azuay (ANGEA), tomando el cargo como<br \/>presidente de este N\u00facleo el Maestro Carlo Magno Garc\u00eda y como secretario el Dr. Pablo Carri\u00f3n<br \/>Dur\u00e1n, Entidad que fue responsable durante muchos a\u00f1os de Eventos como Conciertos, Clases<br \/>Maestras, Seminarios, Talleres con Guitarristas y M\u00fasicos en general tanto Nacionales como<br \/>Internacionales hasta el a\u00f1o 2004.<br \/>EN JUNIO DEL 2004: Con la Asociaci\u00f3n Nacional de Guitarristas N\u00facleo del Azuay (ANGEA) se<br \/>organiza el Concierto Noche de Cuerdas en el que participaron los Guitarristas Terry Pazmi\u00f1o, Brent<br \/>Webster, Eladio Scharr\u00f3n, Carlo Magno Garc\u00eda y el Grupo Coral Bostezo de la ciudad de Quito;<br \/>Recital de mucho \u00e9xito, donde se concreta la idea de formar una Organizaci\u00f3n que respalde las<br \/>actividades Guitarr\u00edsticas en la ciudad de Cuenca invitando a Entidades Culturales, Empresa Privada<br \/>y colaboradores para fortalecer lo que hoy se llama la FIGCCE.<\/p>\t\t\t\t\t\t<\/div>\n\t\t\t\t<\/div>\n\t\t\t\t\t<\/div>\n\t\t<\/div>\n\t\t\t\t\t<\/div>\n\t\t<\/section>\n\t\t\t\t<section class=\"elementor-section elementor-top-section elementor-element elementor-element-2fb560b elementor-section-boxed elementor-section-height-default elementor-section-height-default\" data-id=\"2fb560b\" data-element_type=\"section\">\n\t\t\t\t\t\t<div class=\"elementor-container elementor-column-gap-default\">\n\t\t\t\t\t<div class=\"elementor-column elementor-col-100 elementor-top-column elementor-element elementor-element-1aafe81\" data-id=\"1aafe81\" data-element_type=\"column\">\n\t\t\t<div class=\"elementor-widget-wrap elementor-element-populated\">\n\t\t\t\t\t\t<div class=\"elementor-element elementor-element-e72df1a elementor-widget elementor-widget-heading\" data-id=\"e72df1a\" data-element_type=\"widget\" data-widget_type=\"heading.default\">\n\t\t\t\t<div class=\"elementor-widget-container\">\n\t\t\t<h2 class=\"elementor-heading-title elementor-size-default\">Homenaje<\/h2>\t\t<\/div>\n\t\t\t\t<\/div>\n\t\t\t\t\t<\/div>\n\t\t<\/div>\n\t\t\t\t\t<\/div>\n\t\t<\/section>\n\t\t\t\t<section class=\"elementor-section elementor-top-section elementor-element elementor-element-7761801 elementor-section-boxed elementor-section-height-default elementor-section-height-default\" data-id=\"7761801\" data-element_type=\"section\">\n\t\t\t\t\t\t<div class=\"elementor-container elementor-column-gap-default\">\n\t\t\t\t\t<div class=\"elementor-column elementor-col-100 elementor-top-column elementor-element elementor-element-791d292\" data-id=\"791d292\" data-element_type=\"column\">\n\t\t\t<div class=\"elementor-widget-wrap elementor-element-populated\">\n\t\t\t\t\t\t<div class=\"elementor-element elementor-element-266f357 elementor-widget elementor-widget-text-editor\" data-id=\"266f357\" data-element_type=\"widget\" data-widget_type=\"text-editor.default\">\n\t\t\t\t<div class=\"elementor-widget-container\">\n\t\t\t\t\t\t\t<p>Las actividades realizadas por la Fundaci\u00f3n Figcce en Noviembre y Diciembre, se instauraron como<br \/>homenaje a la Declaratoria de Cuenca como Patrimonio Cultural de la Humanidad.<\/p>\t\t\t\t\t\t<\/div>\n\t\t\t\t<\/div>\n\t\t\t\t\t<\/div>\n\t\t<\/div>\n\t\t\t\t\t<\/div>\n\t\t<\/section>\n\t\t\t\t<\/div>\n\t\t","protected":false},"excerpt":{"rendered":"<p>Antecedentes En el a\u00f1o de 1988 los Maestros Quite\u00f1os Terry Pazmi\u00f1o y Manuel Le\u00f3n organizan en Cuenca laAsociaci\u00f3n Nacional de Guitarristas del Ecuador N\u00facleo del Azuay (ANGEA), tomando el cargo&hellip;<\/p>\n","protected":false},"author":1,"featured_media":0,"parent":0,"menu_order":0,"comment_status":"closed","ping_status":"closed","template":"","meta":{"footnotes":""},"_links":{"self":[{"href":"https:\/\/figcce.org\/index.php?rest_route=\/wp\/v2\/pages\/16845"}],"collection":[{"href":"https:\/\/figcce.org\/index.php?rest_route=\/wp\/v2\/pages"}],"about":[{"href":"https:\/\/figcce.org\/index.php?rest_route=\/wp\/v2\/types\/page"}],"author":[{"embeddable":true,"href":"https:\/\/figcce.org\/index.php?rest_route=\/wp\/v2\/users\/1"}],"replies":[{"embeddable":true,"href":"https:\/\/figcce.org\/index.php?rest_route=%2Fwp%2Fv2%2Fcomments&post=16845"}],"version-history":[{"count":8,"href":"https:\/\/figcce.org\/index.php?rest_route=\/wp\/v2\/pages\/16845\/revisions"}],"predecessor-version":[{"id":17077,"href":"https:\/\/figcce.org\/index.php?rest_route=\/wp\/v2\/pages\/16845\/revisions\/17077"}],"wp:attachment":[{"href":"https:\/\/figcce.org\/index.php?rest_route=%2Fwp%2Fv2%2Fmedia&parent=16845"}],"curies":[{"name":"wp","href":"https:\/\/api.w.org\/{rel}","templated":true}]}}