{"id":16847,"date":"2023-08-04T21:26:45","date_gmt":"2023-08-04T21:26:45","guid":{"rendered":"https:\/\/figcce.org\/?page_id=16847"},"modified":"2023-09-25T22:08:51","modified_gmt":"2023-09-25T22:08:51","slug":"proyecto-construccion-de-guitarras-de-concierto","status":"publish","type":"page","link":"https:\/\/figcce.org\/?page_id=16847","title":{"rendered":"Proyecto: Construcci\u00f3n de Guitarras de Concierto"},"content":{"rendered":"\t\t<div data-elementor-type=\"wp-page\" data-elementor-id=\"16847\" class=\"elementor elementor-16847\">\n\t\t\t\t\t\t<section class=\"elementor-section elementor-top-section elementor-element elementor-element-274e3c elementor-section-content-middle elementor-section-boxed elementor-section-height-default elementor-section-height-default\" data-id=\"274e3c\" data-element_type=\"section\">\n\t\t\t\t\t\t<div class=\"elementor-container elementor-column-gap-no\">\n\t\t\t\t\t<div class=\"elementor-column elementor-col-33 elementor-top-column elementor-element elementor-element-2a6e70e0\" data-id=\"2a6e70e0\" data-element_type=\"column\">\n\t\t\t<div class=\"elementor-widget-wrap elementor-element-populated\">\n\t\t\t\t\t\t<div class=\"elementor-element elementor-element-201f367e elementor-widget elementor-widget-heading\" data-id=\"201f367e\" data-element_type=\"widget\" data-widget_type=\"heading.default\">\n\t\t\t\t<div class=\"elementor-widget-container\">\n\t\t\t<style>\/*! elementor - v3.19.0 - 29-01-2024 *\/\n.elementor-heading-title{padding:0;margin:0;line-height:1}.elementor-widget-heading .elementor-heading-title[class*=elementor-size-]>a{color:inherit;font-size:inherit;line-height:inherit}.elementor-widget-heading .elementor-heading-title.elementor-size-small{font-size:15px}.elementor-widget-heading .elementor-heading-title.elementor-size-medium{font-size:19px}.elementor-widget-heading .elementor-heading-title.elementor-size-large{font-size:29px}.elementor-widget-heading .elementor-heading-title.elementor-size-xl{font-size:39px}.elementor-widget-heading .elementor-heading-title.elementor-size-xxl{font-size:59px}<\/style><h3 class=\"elementor-heading-title elementor-size-default\">Elevando la Armon\u00eda a Nuevas Alturas<\/h3>\t\t<\/div>\n\t\t\t\t<\/div>\n\t\t\t\t<div class=\"elementor-element elementor-element-6f2267b8 elementor-widget elementor-widget-image\" data-id=\"6f2267b8\" data-element_type=\"widget\" data-widget_type=\"image.default\">\n\t\t\t\t<div class=\"elementor-widget-container\">\n\t\t\t<style>\/*! elementor - v3.19.0 - 29-01-2024 *\/\n.elementor-widget-image{text-align:center}.elementor-widget-image a{display:inline-block}.elementor-widget-image a img[src$=\".svg\"]{width:48px}.elementor-widget-image img{vertical-align:middle;display:inline-block}<\/style>\t\t\t\t\t\t\t\t\t\t<img fetchpriority=\"high\" decoding=\"async\" width=\"603\" height=\"904\" src=\"https:\/\/figcce.org\/wp-content\/uploads\/2023\/08\/Construccion-guitarras_08-603x904-1.jpg\" class=\"elementor-animation-grow attachment-large size-large wp-image-17024\" alt=\"\" srcset=\"https:\/\/figcce.org\/wp-content\/uploads\/2023\/08\/Construccion-guitarras_08-603x904-1.jpg 603w, https:\/\/figcce.org\/wp-content\/uploads\/2023\/08\/Construccion-guitarras_08-603x904-1-200x300.jpg 200w\" sizes=\"(max-width: 603px) 100vw, 603px\" \/>\t\t\t\t\t\t\t\t\t\t\t\t\t<\/div>\n\t\t\t\t<\/div>\n\t\t\t\t\t<\/div>\n\t\t<\/div>\n\t\t\t\t<div class=\"elementor-column elementor-col-33 elementor-top-column elementor-element elementor-element-8b8560a\" data-id=\"8b8560a\" data-element_type=\"column\">\n\t\t\t<div class=\"elementor-widget-wrap elementor-element-populated\">\n\t\t\t\t\t\t<div class=\"elementor-element elementor-element-2242fbca elementor-widget elementor-widget-image\" data-id=\"2242fbca\" data-element_type=\"widget\" data-widget_type=\"image.default\">\n\t\t\t\t<div class=\"elementor-widget-container\">\n\t\t\t\t\t\t\t\t\t\t\t\t\t<img decoding=\"async\" width=\"603\" height=\"904\" src=\"https:\/\/figcce.org\/wp-content\/uploads\/2023\/08\/Construccion-guitarras_12-603x904-1.jpg\" class=\"elementor-animation-grow attachment-large size-large wp-image-17025\" alt=\"\" srcset=\"https:\/\/figcce.org\/wp-content\/uploads\/2023\/08\/Construccion-guitarras_12-603x904-1.jpg 603w, https:\/\/figcce.org\/wp-content\/uploads\/2023\/08\/Construccion-guitarras_12-603x904-1-200x300.jpg 200w\" sizes=\"(max-width: 603px) 100vw, 603px\" \/>\t\t\t\t\t\t\t\t\t\t\t\t\t<\/div>\n\t\t\t\t<\/div>\n\t\t\t\t<div class=\"elementor-element elementor-element-6287a9a8 elementor-widget elementor-widget-text-editor\" data-id=\"6287a9a8\" data-element_type=\"widget\" data-widget_type=\"text-editor.default\">\n\t\t\t\t<div class=\"elementor-widget-container\">\n\t\t\t<style>\/*! elementor - v3.19.0 - 29-01-2024 *\/\n.elementor-widget-text-editor.elementor-drop-cap-view-stacked .elementor-drop-cap{background-color:#69727d;color:#fff}.elementor-widget-text-editor.elementor-drop-cap-view-framed .elementor-drop-cap{color:#69727d;border:3px solid;background-color:transparent}.elementor-widget-text-editor:not(.elementor-drop-cap-view-default) .elementor-drop-cap{margin-top:8px}.elementor-widget-text-editor:not(.elementor-drop-cap-view-default) .elementor-drop-cap-letter{width:1em;height:1em}.elementor-widget-text-editor .elementor-drop-cap{float:left;text-align:center;line-height:1;font-size:50px}.elementor-widget-text-editor .elementor-drop-cap-letter{display:inline-block}<\/style>\t\t\t\t<p>En el arte supremo de la creaci\u00f3n musical, donde la destreza manual se fusiona con la pasi\u00f3n mel\u00f3dica, surge nuestro proyecto dedicado a la construcci\u00f3n de guitarras de concierto. Aqu\u00ed, en el coraz\u00f3n mismo de la artesan\u00eda sonora, se entretejen la tradici\u00f3n centenaria y la innovaci\u00f3n contempor\u00e1nea para dar vida a instrumentos que se convierten en extensiones de las almas de los m\u00fasicos y en fuentes de inspiraci\u00f3n para todos los amantes de la m\u00fasica.<\/p>\t\t\t\t\t\t<\/div>\n\t\t\t\t<\/div>\n\t\t\t\t\t<\/div>\n\t\t<\/div>\n\t\t\t\t<div class=\"elementor-column elementor-col-33 elementor-top-column elementor-element elementor-element-5dca991f\" data-id=\"5dca991f\" data-element_type=\"column\">\n\t\t\t<div class=\"elementor-widget-wrap elementor-element-populated\">\n\t\t\t\t\t\t<div class=\"elementor-element elementor-element-286006dc elementor-widget elementor-widget-image\" data-id=\"286006dc\" data-element_type=\"widget\" data-widget_type=\"image.default\">\n\t\t\t\t<div class=\"elementor-widget-container\">\n\t\t\t\t\t\t\t\t\t\t\t\t\t<img decoding=\"async\" width=\"768\" height=\"1151\" src=\"https:\/\/figcce.org\/wp-content\/uploads\/2023\/08\/Construccion-guitarras_14-768x1151-1.jpg\" class=\"elementor-animation-grow attachment-full size-full wp-image-17027\" alt=\"\" srcset=\"https:\/\/figcce.org\/wp-content\/uploads\/2023\/08\/Construccion-guitarras_14-768x1151-1.jpg 768w, https:\/\/figcce.org\/wp-content\/uploads\/2023\/08\/Construccion-guitarras_14-768x1151-1-200x300.jpg 200w, https:\/\/figcce.org\/wp-content\/uploads\/2023\/08\/Construccion-guitarras_14-768x1151-1-683x1024.jpg 683w\" sizes=\"(max-width: 768px) 100vw, 768px\" \/>\t\t\t\t\t\t\t\t\t\t\t\t\t<\/div>\n\t\t\t\t<\/div>\n\t\t\t\t\t<\/div>\n\t\t<\/div>\n\t\t\t\t\t<\/div>\n\t\t<\/section>\n\t\t\t\t<section class=\"elementor-section elementor-top-section elementor-element elementor-element-179ba8d3 elementor-section-content-middle elementor-section-boxed elementor-section-height-default elementor-section-height-default\" data-id=\"179ba8d3\" data-element_type=\"section\">\n\t\t\t\t\t\t<div class=\"elementor-container elementor-column-gap-no\">\n\t\t\t\t\t<div class=\"elementor-column elementor-col-50 elementor-top-column elementor-element elementor-element-54a7deaa\" data-id=\"54a7deaa\" data-element_type=\"column\">\n\t\t\t<div class=\"elementor-widget-wrap elementor-element-populated\">\n\t\t\t\t\t\t<div class=\"elementor-element elementor-element-3c6ef299 elementor-widget elementor-widget-image\" data-id=\"3c6ef299\" data-element_type=\"widget\" data-widget_type=\"image.default\">\n\t\t\t\t<div class=\"elementor-widget-container\">\n\t\t\t\t\t\t\t\t\t\t\t\t\t<img loading=\"lazy\" decoding=\"async\" width=\"1024\" height=\"683\" src=\"https:\/\/figcce.org\/wp-content\/uploads\/2023\/08\/Construccion-guitarras_11-1024x683-1.jpg\" class=\"attachment-full size-full wp-image-17031\" alt=\"\" srcset=\"https:\/\/figcce.org\/wp-content\/uploads\/2023\/08\/Construccion-guitarras_11-1024x683-1.jpg 1024w, https:\/\/figcce.org\/wp-content\/uploads\/2023\/08\/Construccion-guitarras_11-1024x683-1-300x200.jpg 300w, https:\/\/figcce.org\/wp-content\/uploads\/2023\/08\/Construccion-guitarras_11-1024x683-1-768x512.jpg 768w, https:\/\/figcce.org\/wp-content\/uploads\/2023\/08\/Construccion-guitarras_11-1024x683-1-150x100.jpg 150w\" sizes=\"(max-width: 1024px) 100vw, 1024px\" \/>\t\t\t\t\t\t\t\t\t\t\t\t\t<\/div>\n\t\t\t\t<\/div>\n\t\t\t\t\t<\/div>\n\t\t<\/div>\n\t\t\t\t<div class=\"elementor-column elementor-col-50 elementor-top-column elementor-element elementor-element-4480969a\" data-id=\"4480969a\" data-element_type=\"column\">\n\t\t\t<div class=\"elementor-widget-wrap elementor-element-populated\">\n\t\t\t\t\t\t<div class=\"elementor-element elementor-element-1133c5b5 elementor-widget elementor-widget-heading\" data-id=\"1133c5b5\" data-element_type=\"widget\" data-widget_type=\"heading.default\">\n\t\t\t\t<div class=\"elementor-widget-container\">\n\t\t\t<h4 class=\"elementor-heading-title elementor-size-default\">Nuestra Misi\u00f3n<\/h4>\t\t<\/div>\n\t\t\t\t<\/div>\n\t\t\t\t<div class=\"elementor-element elementor-element-2e8a7b1a elementor-widget elementor-widget-text-editor\" data-id=\"2e8a7b1a\" data-element_type=\"widget\" data-widget_type=\"text-editor.default\">\n\t\t\t\t<div class=\"elementor-widget-container\">\n\t\t\t\t\t\t\t<p>Nuestra misi\u00f3n es trascender los l\u00edmites sonoros y est\u00e9ticos, forjando guitarras de concierto que no solo entonan melod\u00edas, sino que tambi\u00e9n narran historias. Cada guitarra que sale de nuestro taller es el resultado de la colaboraci\u00f3n entre h\u00e1biles luthiers y m\u00fasicos apasionados, donde el conocimiento ancestral se combina con las \u00faltimas tecnolog\u00edas y materiales, dando como resultado instrumentos que marcan la diferencia en el escenario y en el estudio.<\/p>\t\t\t\t\t\t<\/div>\n\t\t\t\t<\/div>\n\t\t\t\t\t<\/div>\n\t\t<\/div>\n\t\t\t\t\t<\/div>\n\t\t<\/section>\n\t\t\t\t<section class=\"elementor-section elementor-top-section elementor-element elementor-element-78fd7a3 elementor-section-content-middle elementor-section-boxed elementor-section-height-default elementor-section-height-default\" data-id=\"78fd7a3\" data-element_type=\"section\">\n\t\t\t\t\t\t<div class=\"elementor-container elementor-column-gap-no\">\n\t\t\t\t\t<div class=\"elementor-column elementor-col-50 elementor-top-column elementor-element elementor-element-eb7febc\" data-id=\"eb7febc\" data-element_type=\"column\">\n\t\t\t<div class=\"elementor-widget-wrap elementor-element-populated\">\n\t\t\t\t\t\t<div class=\"elementor-element elementor-element-2305b65 elementor-widget elementor-widget-heading\" data-id=\"2305b65\" data-element_type=\"widget\" data-widget_type=\"heading.default\">\n\t\t\t\t<div class=\"elementor-widget-container\">\n\t\t\t<h4 class=\"elementor-heading-title elementor-size-default\">Artesan\u00eda que Resuena<\/h4>\t\t<\/div>\n\t\t\t\t<\/div>\n\t\t\t\t<div class=\"elementor-element elementor-element-2af397c elementor-widget elementor-widget-text-editor\" data-id=\"2af397c\" data-element_type=\"widget\" data-widget_type=\"text-editor.default\">\n\t\t\t\t<div class=\"elementor-widget-container\">\n\t\t\t\t\t\t\t<p>Cada guitarra de concierto que creamos es una obra maestra en s\u00ed misma. Desde la selecci\u00f3n de las maderas m\u00e1s resonantes y exquisitas hasta la meticulosa construcci\u00f3n y el afinado preciso, cada paso es llevado a cabo con el mayor cuidado y atenci\u00f3n al detalle. Nuestros luthiers fusionan sus habilidades heredadas con las t\u00e9cnicas m\u00e1s modernas para asegurar que cada guitarra tenga una proyecci\u00f3n, claridad y resonancia incomparables.<\/p>\t\t\t\t\t\t<\/div>\n\t\t\t\t<\/div>\n\t\t\t\t\t<\/div>\n\t\t<\/div>\n\t\t\t\t<div class=\"elementor-column elementor-col-50 elementor-top-column elementor-element elementor-element-e83847b\" data-id=\"e83847b\" data-element_type=\"column\">\n\t\t\t<div class=\"elementor-widget-wrap elementor-element-populated\">\n\t\t\t\t\t\t<div class=\"elementor-element elementor-element-e02414e elementor-widget elementor-widget-image\" data-id=\"e02414e\" data-element_type=\"widget\" data-widget_type=\"image.default\">\n\t\t\t\t<div class=\"elementor-widget-container\">\n\t\t\t\t\t\t\t\t\t\t\t\t\t<img loading=\"lazy\" decoding=\"async\" width=\"904\" height=\"603\" src=\"https:\/\/figcce.org\/wp-content\/uploads\/2023\/08\/Construccion-guitarras_15-904x603-1.jpg\" class=\"attachment-full size-full wp-image-17032\" alt=\"\" srcset=\"https:\/\/figcce.org\/wp-content\/uploads\/2023\/08\/Construccion-guitarras_15-904x603-1.jpg 904w, https:\/\/figcce.org\/wp-content\/uploads\/2023\/08\/Construccion-guitarras_15-904x603-1-300x200.jpg 300w, https:\/\/figcce.org\/wp-content\/uploads\/2023\/08\/Construccion-guitarras_15-904x603-1-768x512.jpg 768w, https:\/\/figcce.org\/wp-content\/uploads\/2023\/08\/Construccion-guitarras_15-904x603-1-150x100.jpg 150w\" sizes=\"(max-width: 904px) 100vw, 904px\" \/>\t\t\t\t\t\t\t\t\t\t\t\t\t<\/div>\n\t\t\t\t<\/div>\n\t\t\t\t\t<\/div>\n\t\t<\/div>\n\t\t\t\t\t<\/div>\n\t\t<\/section>\n\t\t\t\t<\/div>\n\t\t","protected":false},"excerpt":{"rendered":"<p>Elevando la Armon\u00eda a Nuevas Alturas En el arte supremo de la creaci\u00f3n musical, donde la destreza manual se fusiona con la pasi\u00f3n mel\u00f3dica, surge nuestro proyecto dedicado a la&hellip;<\/p>\n","protected":false},"author":1,"featured_media":16944,"parent":0,"menu_order":0,"comment_status":"closed","ping_status":"closed","template":"","meta":{"footnotes":""},"_links":{"self":[{"href":"https:\/\/figcce.org\/index.php?rest_route=\/wp\/v2\/pages\/16847"}],"collection":[{"href":"https:\/\/figcce.org\/index.php?rest_route=\/wp\/v2\/pages"}],"about":[{"href":"https:\/\/figcce.org\/index.php?rest_route=\/wp\/v2\/types\/page"}],"author":[{"embeddable":true,"href":"https:\/\/figcce.org\/index.php?rest_route=\/wp\/v2\/users\/1"}],"replies":[{"embeddable":true,"href":"https:\/\/figcce.org\/index.php?rest_route=%2Fwp%2Fv2%2Fcomments&post=16847"}],"version-history":[{"count":10,"href":"https:\/\/figcce.org\/index.php?rest_route=\/wp\/v2\/pages\/16847\/revisions"}],"predecessor-version":[{"id":17080,"href":"https:\/\/figcce.org\/index.php?rest_route=\/wp\/v2\/pages\/16847\/revisions\/17080"}],"wp:featuredmedia":[{"embeddable":true,"href":"https:\/\/figcce.org\/index.php?rest_route=\/wp\/v2\/media\/16944"}],"wp:attachment":[{"href":"https:\/\/figcce.org\/index.php?rest_route=%2Fwp%2Fv2%2Fmedia&parent=16847"}],"curies":[{"name":"wp","href":"https:\/\/api.w.org\/{rel}","templated":true}]}}